{"id":4,"date":"2018-03-03T18:03:06","date_gmt":"2018-03-03T17:03:06","guid":{"rendered":"http:\/\/gradning.com\/?page_id=4"},"modified":"2026-01-28T11:06:00","modified_gmt":"2026-01-28T10:06:00","slug":"start","status":"publish","type":"page","link":"https:\/\/gradning.com\/","title":{"rendered":"Start"},"content":{"rendered":"<div class=\"slider-wrapper relative \" id=\"slider-1341620820\" >\n    <div class=\"slider slider-nav-circle slider-nav-large slider-nav-light slider-style-normal\"\n        data-flickity-options='{\n            \"cellAlign\": \"center\",\n            \"imagesLoaded\": true,\n            \"lazyLoad\": 1,\n            \"freeScroll\": false,\n            \"wrapAround\": true,\n            \"autoPlay\": 6000,\n            \"pauseAutoPlayOnHover\" : true,\n            \"prevNextButtons\": false,\n            \"contain\" : true,\n            \"adaptiveHeight\" : true,\n            \"dragThreshold\" : 5,\n            \"percentPosition\": true,\n            \"pageDots\": false,\n            \"rightToLeft\": false,\n            \"draggable\": true,\n            \"selectedAttraction\": 0.1,\n            \"parallax\" : 0,\n            \"friction\": 0.6        }'\n        >\n        \n\n  <div class=\"banner has-hover bg-zoom has-parallax\" id=\"banner-277943770\">\n          <div class=\"banner-inner fill\">\n        <div class=\"banner-bg fill\" data-parallax=\"-5\" data-parallax-container=\".banner\" data-parallax-background>\n            <div class=\"bg fill bg-fill \"><\/div>\n                        <div class=\"overlay\"><\/div>            \n                    <\/div><!-- bg-layers -->\n        <div class=\"banner-layers container\">\n            <div class=\"fill banner-link\"><\/div>            \n   <div id=\"text-box-648688177\" class=\"text-box banner-layer x0 md-x0 lg-x0 y50 md-y50 lg-y50 res-text\">\n                                <div class=\"text dark\">\n              \n              <div class=\"text-inner text-center\">\n                  \n<h2 style=\"text-align: left;\">V\u00e4lkommen till Gradnings &amp; Maskinteknik AB<\/h2>\n<h1 style=\"text-align: left;\">Agentur f\u00f6r Extrude Hone i Sverige, Norge och Finland.<\/h1>\n              <\/div>\n           <\/div><!-- text-box-inner -->\n                            \n<style scope=\"scope\">\n\n#text-box-648688177 {\n  width: 60%;\n}\n#text-box-648688177 .text {\n  font-size: 100%;\n}\n\n\n@media (min-width:550px) {\n\n  #text-box-648688177 {\n    width: 74%;\n  }\n\n}\n<\/style>\n    <\/div><!-- text-box -->\n \n\t<div class=\"img has-hover x100 md-x100 lg-x100 y10 md-y10 lg-y10\" id=\"image_714590608\">\n\t\t<a href=\"https:\/\/extrudehone.com\/\" target=\"_blank\" class=\"\">\t\t\t\t<div data-animate=\"flipInY\">\t\t<div class=\"img-inner box-shadow-4 dark\" >\n\t\t\t<img width=\"1020\" height=\"292\" src=\"https:\/\/gradning.com\/wp-content\/uploads\/2026\/01\/3elmia-verktygsmaskiner-copy-1024x293.png\" class=\"attachment-large size-large\" alt=\"\" decoding=\"async\" loading=\"lazy\" srcset=\"https:\/\/gradning.com\/wp-content\/uploads\/2026\/01\/3elmia-verktygsmaskiner-copy-1024x293.png 1024w, https:\/\/gradning.com\/wp-content\/uploads\/2026\/01\/3elmia-verktygsmaskiner-copy-300x86.png 300w, https:\/\/gradning.com\/wp-content\/uploads\/2026\/01\/3elmia-verktygsmaskiner-copy-768x220.png 768w, https:\/\/gradning.com\/wp-content\/uploads\/2026\/01\/3elmia-verktygsmaskiner-copy.png 1472w\" sizes=\"(max-width: 1020px) 100vw, 1020px\" \/>\t\t\t\t\t\t\n\t\t\t\t\t<\/div>\n\t\t<\/div>\t\t\t\t<\/a>\t\t\n<style scope=\"scope\">\n\n#image_714590608 {\n  width: 36%;\n}\n<\/style>\n\t<\/div>\n\t\n        <\/div><!-- .banner-layers -->\n      <\/div><!-- .banner-inner -->\n\n            \n<style scope=\"scope\">\n\n#banner-277943770 {\n  padding-top: 350px;\n}\n#banner-277943770 .bg.bg-loaded {\n  background-image: url(https:\/\/gradning.com\/wp-content\/uploads\/2018\/06\/grad1-1024x683.jpg);\n}\n#banner-277943770 .overlay {\n  background-color: rgba(0, 0, 0, 0.13);\n}\n<\/style>\n  <\/div><!-- .banner -->\n\n\n\n  <div class=\"banner has-hover bg-zoom has-parallax\" id=\"banner-1037345450\">\n          <div class=\"banner-inner fill\">\n        <div class=\"banner-bg fill\" data-parallax=\"-5\" data-parallax-container=\".banner\" data-parallax-background>\n            <div class=\"bg fill bg-fill \"><\/div>\n                        <div class=\"overlay\"><\/div>            \n                    <\/div><!-- bg-layers -->\n        <div class=\"banner-layers container\">\n            <div class=\"fill banner-link\"><\/div>            \n   <div id=\"text-box-1705639693\" class=\"text-box banner-layer x0 md-x0 lg-x0 y50 md-y50 lg-y50 res-text\">\n                                <div class=\"text dark\">\n              \n              <div class=\"text-inner text-center\">\n                  \n<h2 style=\"text-align: left;\">V\u00e4lkommen till Gradnings &amp; Maskinteknik AB<\/h2>\n<h1 style=\"text-align: left;\">Agentur f\u00f6r Extrude Hone i Sverige, Norge och Finland.<\/h1>\n              <\/div>\n           <\/div><!-- text-box-inner -->\n                            \n<style scope=\"scope\">\n\n#text-box-1705639693 {\n  width: 60%;\n}\n#text-box-1705639693 .text {\n  font-size: 100%;\n}\n\n\n@media (min-width:550px) {\n\n  #text-box-1705639693 {\n    width: 74%;\n  }\n\n}\n<\/style>\n    <\/div><!-- text-box -->\n \n\t<div class=\"img has-hover x95 md-x95 lg-x95 y20 md-y20 lg-y20\" id=\"image_412744213\">\n\t\t<a href=\"https:\/\/extrudehone.com\/\" target=\"_blank\" class=\"\">\t\t\t\t<div data-animate=\"flipInY\">\t\t<div class=\"img-inner box-shadow-4 dark\" >\n\t\t\t<img width=\"199\" height=\"246\" src=\"https:\/\/gradning.com\/wp-content\/uploads\/2018\/06\/extrude.jpeg\" class=\"attachment-large size-large\" alt=\"\" decoding=\"async\" loading=\"lazy\" \/>\t\t\t\t\t\t\n\t\t\t\t\t<\/div>\n\t\t<\/div>\t\t\t\t<\/a>\t\t\n<style scope=\"scope\">\n\n#image_412744213 {\n  width: 15%;\n}\n<\/style>\n\t<\/div>\n\t\n        <\/div><!-- .banner-layers -->\n      <\/div><!-- .banner-inner -->\n\n            \n<style scope=\"scope\">\n\n#banner-1037345450 {\n  padding-top: 350px;\n}\n#banner-1037345450 .bg.bg-loaded {\n  background-image: url(https:\/\/gradning.com\/wp-content\/uploads\/2018\/06\/grad2-1024x409.jpg);\n}\n#banner-1037345450 .overlay {\n  background-color: rgba(0, 0, 0, 0.13);\n}\n<\/style>\n  <\/div><!-- .banner -->\n\n\n     <\/div>\n\n     <div class=\"loading-spin dark large centered\"><\/div>\n\n     <style scope=\"scope\">\n             <\/style>\n<\/div><!-- .ux-slider-wrapper -->\n\n\n<div class=\"row\"  id=\"row-1777447149\">\n<div class=\"col medium-7 small-12 large-7\"  ><div class=\"col-inner\"  >\n<p align=\"left\">Gradnings &amp; Maskinteknik AB grundades 1994 som agent i Skandinavien f\u00f6r Robert Bosch GmbH och specialiserad partner f\u00f6r Termisk gradningsteknik &#8221;TEM&#8221; (i folkmun ben\u00e4mnd &#8221;spr\u00e4nggradning&#8221;), &#8221;AFM&#8221;( fl\u00f6deshening med abrassivt media) samt &#8221;ECM&#8221; (elektrokemisk gradning). Numera \u00e4r Gradnings &amp; Maskinteknik en renodlad agentur f\u00f6r Extrude Hone i Sverige, Norge och Finland.<\/p>\n<p align=\"left\">L\u00e5ngt fler av Sveriges verkstadsf\u00f6retag drar varje dag nytta av\u00a0v\u00e5ra teknikers\u00a0\u00f6verl\u00e4gsna f\u00f6rdelar genom att k\u00f6pa tj\u00e4nster av ovan n\u00e4mnda f\u00f6retag.<\/p>\n<p align=\"left\">Vi som \u00e4r verksamma inom Gradnings- &amp; Maskinteknik AB har mer \u00e4n 20 \u00e5rs erfarenhet av f\u00f6rs\u00e4ljning, leverans, service samt helrenoveringar av Robert Bosch och ExtrudeHones TEM, ECM\u00a0och AFM maskiner.<\/p>\n<\/div><\/div>\n<div class=\"col medium-5 small-12 large-5\"  ><div class=\"col-inner\"  >\n<p><strong>Exempel p\u00e5 kunder:<\/strong><\/p>\n\n\t\t\t\t\t\n\n\t\t\t\t\t<!-- START UNITE GALLERY 1.7.55 -->\n\t\t\t\t\t\n\t\t\t\t\n\t\t\t<div id='unitegallery_1_1' class='unite-gallery' style='margin:0px auto;'>\n\t\t\t\t\n\n\t\t\t\t\t\t<img alt=\"Atlas copco\"\n\t\t\t\t\t\t     src=\"\" data-image=\"https:\/\/gradning.com\/wp-content\/uploads\/2018\/06\/Atlas-copco.jpg\"\n\t\t\t\t\t\t     data-thumb=\"https:\/\/gradning.com\/wp-content\/uploads\/2018\/06\/Atlas-copco.jpg\"\n\t\t\t\t\t\t     title=\"\"\n\t\t\t\t\t\t     style=\"display:none\">\n\n\t\t\t\t\t\t<img alt=\"gnutti\"\n\t\t\t\t\t\t     src=\"\" data-image=\"https:\/\/gradning.com\/wp-content\/uploads\/2018\/06\/gnutti.jpg\"\n\t\t\t\t\t\t     data-thumb=\"https:\/\/gradning.com\/wp-content\/uploads\/2018\/06\/gnutti.jpg\"\n\t\t\t\t\t\t     title=\"\"\n\t\t\t\t\t\t     style=\"display:none\">\n\n\t\t\t\t\t\t<img alt=\"volvo\"\n\t\t\t\t\t\t     src=\"\" data-image=\"https:\/\/gradning.com\/wp-content\/uploads\/2018\/06\/volvo.jpg\"\n\t\t\t\t\t\t     data-thumb=\"https:\/\/gradning.com\/wp-content\/uploads\/2018\/06\/volvo.jpg\"\n\t\t\t\t\t\t     title=\"\"\n\t\t\t\t\t\t     style=\"display:none\">\n\n\t\t\t\t\t\t<img alt=\"Fransens\"\n\t\t\t\t\t\t     src=\"\" data-image=\"https:\/\/gradning.com\/wp-content\/uploads\/2018\/06\/Fransens.jpg\"\n\t\t\t\t\t\t     data-thumb=\"https:\/\/gradning.com\/wp-content\/uploads\/2018\/06\/Fransens.jpg\"\n\t\t\t\t\t\t     title=\"\"\n\t\t\t\t\t\t     style=\"display:none\">\n\n\t\t\t\t\t\t<img alt=\"Scand\"\n\t\t\t\t\t\t     src=\"\" data-image=\"https:\/\/gradning.com\/wp-content\/uploads\/2018\/06\/Scand.jpg\"\n\t\t\t\t\t\t     data-thumb=\"https:\/\/gradning.com\/wp-content\/uploads\/2018\/06\/Scand.jpg\"\n\t\t\t\t\t\t     title=\"\"\n\t\t\t\t\t\t     style=\"display:none\">\n\n\t\t\t\t\t\t<img alt=\"kramfors\"\n\t\t\t\t\t\t     src=\"\" data-image=\"https:\/\/gradning.com\/wp-content\/uploads\/2018\/06\/kramfors.jpg\"\n\t\t\t\t\t\t     data-thumb=\"https:\/\/gradning.com\/wp-content\/uploads\/2018\/06\/kramfors.jpg\"\n\t\t\t\t\t\t     title=\"\"\n\t\t\t\t\t\t     style=\"display:none\">\n\n\t\t\t\t\t\t<img alt=\"outokompo\"\n\t\t\t\t\t\t     src=\"\" data-image=\"https:\/\/gradning.com\/wp-content\/uploads\/2018\/06\/outokompo.jpg\"\n\t\t\t\t\t\t     data-thumb=\"https:\/\/gradning.com\/wp-content\/uploads\/2018\/06\/outokompo.jpg\"\n\t\t\t\t\t\t     title=\"\"\n\t\t\t\t\t\t     style=\"display:none\">\n\n\t\t\t\t\t\t<img alt=\"Saab\"\n\t\t\t\t\t\t     src=\"\" data-image=\"https:\/\/gradning.com\/wp-content\/uploads\/2018\/06\/Saab.jpg\"\n\t\t\t\t\t\t     data-thumb=\"https:\/\/gradning.com\/wp-content\/uploads\/2018\/06\/Saab.jpg\"\n\t\t\t\t\t\t     title=\"\"\n\t\t\t\t\t\t     style=\"display:none\">\n\n\t\t\t\t\t\t<img alt=\"Sandvik Cormant\"\n\t\t\t\t\t\t     src=\"\" data-image=\"https:\/\/gradning.com\/wp-content\/uploads\/2018\/06\/Sandvik-Cormant.jpg\"\n\t\t\t\t\t\t     data-thumb=\"https:\/\/gradning.com\/wp-content\/uploads\/2018\/06\/Sandvik-Cormant.jpg\"\n\t\t\t\t\t\t     title=\"\"\n\t\t\t\t\t\t     style=\"display:none\">\n\n\t\t\t\t\t\t<img alt=\"SKF\"\n\t\t\t\t\t\t     src=\"\" data-image=\"https:\/\/gradning.com\/wp-content\/uploads\/2018\/06\/SKF.jpg\"\n\t\t\t\t\t\t     data-thumb=\"https:\/\/gradning.com\/wp-content\/uploads\/2018\/06\/SKF.jpg\"\n\t\t\t\t\t\t     title=\"\"\n\t\t\t\t\t\t     style=\"display:none\">\n\n\t\t\t\t\t\t<img alt=\"tasowheel\"\n\t\t\t\t\t\t     src=\"\" data-image=\"https:\/\/gradning.com\/wp-content\/uploads\/2025\/03\/tasowheel.png\"\n\t\t\t\t\t\t     data-thumb=\"https:\/\/gradning.com\/wp-content\/uploads\/2025\/03\/tasowheel.png\"\n\t\t\t\t\t\t     title=\"\"\n\t\t\t\t\t\t     style=\"display:none\">\n\n\t\t\t\t\t\t<img alt=\"st-koneistus\"\n\t\t\t\t\t\t     src=\"\" data-image=\"https:\/\/gradning.com\/wp-content\/uploads\/2025\/03\/st-koneistus.png\"\n\t\t\t\t\t\t     data-thumb=\"https:\/\/gradning.com\/wp-content\/uploads\/2025\/03\/st-koneistus.png\"\n\t\t\t\t\t\t     title=\"\"\n\t\t\t\t\t\t     style=\"display:none\">\n\t\t\t<\/div>\n\n\t\t\t<script type='text\/javascript'>\n\t\t\t\twindow.onload = function(e) {\n\t\t\t\t\tif(typeof ugCheckForErrors == \"undefined\"){\n\t\t\t\t\t\tdocument.getElementById(\"unitegallery_1_1\").innerHTML = \"<span style='color:red'>Unite Gallery Error - gallery js and css files not included in the footer. Please make sure that wp_footer() function is added to your theme.<\/span>\";}\n\t\t\t\t\telse{ ugCheckForErrors(\"unitegallery_1_1\", \"jquery\");}\n\t\t\t\t};\n\t\t\t<\/script>\n\n\t\t\t<!-- END UNITEGALLERY -->\n<\/div><\/div>\n<\/div>\n","protected":false},"excerpt":{"rendered":"","protected":false},"author":1,"featured_media":0,"parent":0,"menu_order":0,"comment_status":"closed","ping_status":"closed","template":"page-blank.php","meta":[],"_links":{"self":[{"href":"https:\/\/gradning.com\/index.php\/wp-json\/wp\/v2\/pages\/4"}],"collection":[{"href":"https:\/\/gradning.com\/index.php\/wp-json\/wp\/v2\/pages"}],"about":[{"href":"https:\/\/gradning.com\/index.php\/wp-json\/wp\/v2\/types\/page"}],"author":[{"embeddable":true,"href":"https:\/\/gradning.com\/index.php\/wp-json\/wp\/v2\/users\/1"}],"replies":[{"embeddable":true,"href":"https:\/\/gradning.com\/index.php\/wp-json\/wp\/v2\/comments?post=4"}],"version-history":[{"count":84,"href":"https:\/\/gradning.com\/index.php\/wp-json\/wp\/v2\/pages\/4\/revisions"}],"predecessor-version":[{"id":486,"href":"https:\/\/gradning.com\/index.php\/wp-json\/wp\/v2\/pages\/4\/revisions\/486"}],"wp:attachment":[{"href":"https:\/\/gradning.com\/index.php\/wp-json\/wp\/v2\/media?parent=4"}],"curies":[{"name":"wp","href":"https:\/\/api.w.org\/{rel}","templated":true}]}}